{"id":13,"date":"2024-07-24T18:32:42","date_gmt":"2024-07-24T15:32:42","guid":{"rendered":"https:\/\/business.eveil.mg\/?page_id=13"},"modified":"2026-02-25T09:10:43","modified_gmt":"2026-02-25T06:10:43","slug":"accueil","status":"publish","type":"page","link":"https:\/\/beh.eveil.mg\/","title":{"rendered":"Accueil"},"content":{"rendered":"\n<div style=\"display:flex; flex-wrap:wrap; gap:20px; justify-content:center; text-align:center;\">\n\n  <div style=\"flex:1 1 300px; max-width:320px; background:#fff; border-radius:10px; box-shadow:0 4px 10px rgba(0,0,0,0.08); padding:20px; transition:transform 0.3s;\">\n    <a href=\"https:\/\/nr.eveil.mg\/\" style=\"text-decoration:none; color:inherit;\">\n      <img decoding=\"async\" src=\"https:\/\/beh.eveil.mg\/wp-content\/uploads\/2024\/07\/Coaching.png\" alt=\"Coaching Holistique\" style=\"width:120px; height:auto; margin-bottom:15px;\">\n      <h3 style=\"font-size:18px; margin-bottom:10px; color:#2c3e50;\">Coaching Holistique<\/h3>\n    <\/a>\n    <p style=\"font-size:14px; line-height:1.5; color:#555;\">\n      Approche globale du bien-\u00eatre int\u00e9grant hygi\u00e8ne physique, comp\u00e9tences psychosociales, \u00e9quilibrage \u00e9nerg\u00e9tique et spirituel.\n    <\/p>\n  <\/div>\n\n  <div style=\"flex:1 1 300px; max-width:320px; background:#fff; border-radius:10px; box-shadow:0 4px 10px rgba(0,0,0,0.08); padding:20px; transition:transform 0.3s;\">\n    <img decoding=\"async\" src=\"https:\/\/beh.eveil.mg\/wp-content\/uploads\/2026\/02\/Education-holistique-ok.jpg\" alt=\"\u00c9ducation Holistique\" style=\"width:120px; height:auto; margin-bottom:15px;\">\n    <h3 style=\"font-size:18px; margin-bottom:10px; color:#2c3e50;\">\u00c9ducation Holistique: ressources et conseils pratiques<\/h3>\n    <p style=\"font-size:14px; line-height:1.5; color:#555;\">\n  Pour une approche compl\u00e8te de l\u2019\u00e9ducation, alliant la philosophie Montessori, la neurop\u00e9dagogie, le d\u00e9veloppement des comp\u00e9tences psychosociales et l\u2019\u00e9ducation spirituelle.\n    <\/p>\n  <\/div>\n\n  <div style=\"flex:1 1 300px; max-width:320px; background:#fff; border-radius:10px; box-shadow:0 4px 10px rgba(0,0,0,0.08); padding:20px; transition:transform 0.3s;\">\n    <a href=\"https:\/\/beh.eveil.mg\/?page_id=51\" style=\"text-decoration:none; color:inherit;\">\n      <img decoding=\"async\" src=\"https:\/\/beh.eveil.mg\/wp-content\/uploads\/2024\/07\/Offres.png\" alt=\"Nos Offres\" style=\"width:120px; height:auto; margin-bottom:15px;\">\n      <h3 style=\"font-size:18px; margin-bottom:10px; color:#2c3e50;\">D\u00e9couvrez Nos Offres<\/h3>\n    <\/a>\n    <p style=\"font-size:14px; line-height:1.5; color:#555;\">\n      Explorez nos ateliers de coaching, inspirations Montessori et notre boutique d\u2019ebooks et mat\u00e9riel p\u00e9dagogique.\n    <\/p>\n  <\/div>\n\n<\/div>\n","protected":false},"excerpt":{"rendered":"<p>Coaching Holistique Approche globale du bien-\u00eatre int\u00e9grant hygi\u00e8ne physique, comp\u00e9tences psychosociales, \u00e9quilibrage \u00e9nerg\u00e9tique et spirituel. \u00c9ducation Holistique: ressources et conseils pratiques Pour une approche compl\u00e8te de l\u2019\u00e9ducation, alliant la philosophie Montessori, la neurop\u00e9dagogie, le d\u00e9veloppement des comp\u00e9tences psychosociales et l\u2019\u00e9ducation spirituelle. D\u00e9couvrez Nos Offres Explorez nos ateliers de coaching, inspirations Montessori et notre boutique d\u2019ebooks &#8230; <a title=\"Accueil\" class=\"read-more\" href=\"https:\/\/beh.eveil.mg\/\" aria-label=\"Read more about Accueil\">Lire la suite<\/a><\/p>\n","protected":false},"author":1,"featured_media":0,"parent":0,"menu_order":0,"comment_status":"closed","ping_status":"closed","template":"","meta":{"footnotes":""},"class_list":["post-13","page","type-page","status-publish"],"_links":{"self":[{"href":"https:\/\/beh.eveil.mg\/index.php?rest_route=\/wp\/v2\/pages\/13","targetHints":{"allow":["GET"]}}],"collection":[{"href":"https:\/\/beh.eveil.mg\/index.php?rest_route=\/wp\/v2\/pages"}],"about":[{"href":"https:\/\/beh.eveil.mg\/index.php?rest_route=\/wp\/v2\/types\/page"}],"author":[{"embeddable":true,"href":"https:\/\/beh.eveil.mg\/index.php?rest_route=\/wp\/v2\/users\/1"}],"replies":[{"embeddable":true,"href":"https:\/\/beh.eveil.mg\/index.php?rest_route=%2Fwp%2Fv2%2Fcomments&post=13"}],"version-history":[{"count":13,"href":"https:\/\/beh.eveil.mg\/index.php?rest_route=\/wp\/v2\/pages\/13\/revisions"}],"predecessor-version":[{"id":161,"href":"https:\/\/beh.eveil.mg\/index.php?rest_route=\/wp\/v2\/pages\/13\/revisions\/161"}],"wp:attachment":[{"href":"https:\/\/beh.eveil.mg\/index.php?rest_route=%2Fwp%2Fv2%2Fmedia&parent=13"}],"curies":[{"name":"wp","href":"https:\/\/api.w.org\/{rel}","templated":true}]}}