{"id":17,"date":"2024-07-24T18:33:42","date_gmt":"2024-07-24T15:33:42","guid":{"rendered":"https:\/\/business.eveil.mg\/?page_id=17"},"modified":"2025-12-28T08:01:23","modified_gmt":"2025-12-28T05:01:23","slug":"a-propos","status":"publish","type":"page","link":"https:\/\/beh.eveil.mg\/?page_id=17","title":{"rendered":"A propos"},"content":{"rendered":"\n<pre class=\"wp-block-preformatted\"><\/pre>\n\n\n\n<figure class=\"wp-block-table alignfull\"><table class=\"has-fixed-layout\"><tbody><tr><td class=\"has-text-align-left\" data-align=\"left\"><img alt=\"\"><br><img alt=\"\"><br><img decoding=\"async\" src=\"https:\/\/beh.eveil.mg\/wp-content\/uploads\/2024\/07\/Profil-ISPM-2-1008x1024.jpg\" alt=\"\"><\/td><td><strong>\u00c0 propos de Narifidy Rabe<\/strong><br><strong>Ing\u00e9nieur informaticien<\/strong> de formation<strong> \u00e0 l&rsquo;ISPM<\/strong> et titulaire d&rsquo;un <strong>dipl\u00f4me d&rsquo;\u00e9tudes sup\u00e9rieures en gestion <\/strong>au<strong> CNTEMAD<\/strong>, Narifidy RABE a entrepris une double reconversion suite \u00e0 la naissance pr\u00e9matur\u00e9e de ses jumeaux en France. <br><br>Cette exp\u00e9rience l&rsquo;a progressivement dirig\u00e9 vers la <strong>p\u00e9dagogie Montessori <\/strong>et la qu\u00eate du bien-\u00eatre, ce qui l&rsquo;a conduit \u00e0 se former en<strong> naturopathie<\/strong>.<br>Depuis 2009, Narifidy RABE pratique la philosophie Montessori \u00e0 la maison, tandis que ses jumeaux ont int\u00e9gr\u00e9 des \u00e9coles Montessori en France puis \u00e0 Madagascar. <br><br>En 2017, fort de ses formations Montessori, notamment au sein du centre Airam Montessori en France, il fonde avec succ\u00e8s l<strong>&lsquo;\u00e9cole Montessori<\/strong> <strong>\u00ab\u00a0\u00c9veil Enfant\u00a0\u00bb<\/strong> \u00e0 Ilafy. En 2020, il cr\u00e9e la soci\u00e9t\u00e9 <strong>Eveil Business MG<\/strong>, sp\u00e9cialis\u00e9e dans le coaching en p\u00e9dagogie active et le coaching holistique. Narifidy poursuit constamment son apprentissage et a obtenu en 2024 les certificats \u00ab\u00a0<strong>AMI Montessori 3-6 ans<\/strong>\u00a0\u00bb et \u00ab\u00a0<strong>AMI Montessori 12-18 ans<\/strong>\u00ab\u00a0.<br><br>En 2025, la soci\u00e9t\u00e9 prend de l\u2019ampleur et devient une <strong>SARL<\/strong> sous le nom de<strong> Cabinet BEH (Bien-\u00eatre et \u00c9ducation Holistiques)<\/strong>.<br><br><strong>Certifi\u00e9 en coach holistique<\/strong>, il anime des ateliers d\u00e9di\u00e9s \u00e0 l&rsquo;accompagnement des adultes pour devenir la meilleure version d&rsquo;eux-m\u00eames. De 2023 \u00e0 2025, en tant que<strong> cofondateur du coll\u00e8ge d\u00e9mocratique Ikigasy<\/strong>, il a assur\u00e9 le <strong>coaching des adolescents<\/strong>, appliquant ses comp\u00e9tences pour soutenir leur d\u00e9veloppement personnel et leur \u00e9panouissement.<br><br>Depuis 2024,<strong> il accompagne les \u00e9coles \u00e0 int\u00e9grer aussi les comp\u00e9tences psychosociales<\/strong> dans la vie quotidienne, des ressources permettant de r\u00e9pondre efficacement aux d\u00e9fis de la vie.<br><br><strong>Passionn\u00e9 par la spiritualit\u00e9 et l&rsquo;harmonie \u00e9nerg\u00e9tique<\/strong> depuis 2015, il a suivi des formations en <strong>clair ressenti, pranath\u00e9rapie, Arhatic Yoga, New Paradigm MDT, sagesses malgaches<\/strong>, et bien d&rsquo;autres. Son objectif principal est de mieux se conna\u00eetre et de comprendre le monde qui l&rsquo;entoure, afin de vivre en paix avec lui-m\u00eame et avec les autres.<\/td><\/tr><\/tbody><\/table><\/figure>\n","protected":false},"excerpt":{"rendered":"<p>\u00c0 propos de Narifidy RabeIng\u00e9nieur informaticien de formation \u00e0 l&rsquo;ISPM et titulaire d&rsquo;un dipl\u00f4me d&rsquo;\u00e9tudes sup\u00e9rieures en gestion au CNTEMAD, Narifidy RABE a entrepris une double reconversion suite \u00e0 la naissance pr\u00e9matur\u00e9e de ses jumeaux en France. Cette exp\u00e9rience l&rsquo;a progressivement dirig\u00e9 vers la p\u00e9dagogie Montessori et la qu\u00eate du bien-\u00eatre, ce qui l&rsquo;a conduit &#8230; <a title=\"A propos\" class=\"read-more\" href=\"https:\/\/beh.eveil.mg\/?page_id=17\" aria-label=\"Read more about A propos\">Lire la suite<\/a><\/p>\n","protected":false},"author":1,"featured_media":0,"parent":0,"menu_order":0,"comment_status":"closed","ping_status":"closed","template":"","meta":{"footnotes":""},"class_list":["post-17","page","type-page","status-publish"],"_links":{"self":[{"href":"https:\/\/beh.eveil.mg\/index.php?rest_route=\/wp\/v2\/pages\/17","targetHints":{"allow":["GET"]}}],"collection":[{"href":"https:\/\/beh.eveil.mg\/index.php?rest_route=\/wp\/v2\/pages"}],"about":[{"href":"https:\/\/beh.eveil.mg\/index.php?rest_route=\/wp\/v2\/types\/page"}],"author":[{"embeddable":true,"href":"https:\/\/beh.eveil.mg\/index.php?rest_route=\/wp\/v2\/users\/1"}],"replies":[{"embeddable":true,"href":"https:\/\/beh.eveil.mg\/index.php?rest_route=%2Fwp%2Fv2%2Fcomments&post=17"}],"version-history":[{"count":21,"href":"https:\/\/beh.eveil.mg\/index.php?rest_route=\/wp\/v2\/pages\/17\/revisions"}],"predecessor-version":[{"id":135,"href":"https:\/\/beh.eveil.mg\/index.php?rest_route=\/wp\/v2\/pages\/17\/revisions\/135"}],"wp:attachment":[{"href":"https:\/\/beh.eveil.mg\/index.php?rest_route=%2Fwp%2Fv2%2Fmedia&parent=17"}],"curies":[{"name":"wp","href":"https:\/\/api.w.org\/{rel}","templated":true}]}}